{"id":16,"date":"2021-04-30T14:43:18","date_gmt":"2021-04-30T12:43:18","guid":{"rendered":"https:\/\/solidarisches-taucha.info\/?page_id=16"},"modified":"2021-05-07T18:34:42","modified_gmt":"2021-05-07T16:34:42","slug":"selbstverstaendnis","status":"publish","type":"page","link":"https:\/\/solidarisches-taucha.info\/index.php\/selbstverstaendnis\/","title":{"rendered":"Selbstverst\u00e4ndnis"},"content":{"rendered":"\r\n<p><strong>#SolidarischesTaucha<\/strong>\u00a0\u00a0\u00a0\u00a0<\/p>\r\n\r\n\r\n\r\n<p>F\u00fcr eine demokratische und offene Gesellschaft im Kleinen wie im Gro\u00dfen.<\/p>\r\n\r\n\r\n\r\n<p>F\u00fcr eine Stadt der Vielen und der Vielfalt.\u00a0<\/p>\r\n\r\n\r\n\r\n<p>F\u00fcr ein Taucha, in dem Menschen nicht wegen ihres Aussehens, ihrer Hautfarbe, ihrer Herkunft, sexuellen Orientierung und Identit\u00e4t, Religionszugeh\u00f6rigkeit oder ihrem sozialen bzw. wirtschaftlichen Status\u00a0diskriminiert und ausgegrenzt werden.\u00a0<\/p>\r\n\r\n\r\n\r\n<p>Wir treten klar gegen Nationalismus, Rassismus, Antisemitismus, Sexismus und alle anderen Formen von Diskriminierung ein.<\/p>\r\n\r\n\r\n\r\n<p>Betroffenen bieten wir unsere Unterst\u00fctzung an.\u00a0\u00a0\u00a0\u00a0<\/p>\r\n\r\n\r\n\r\n<p>Wir ermutigen alle Tauchaer:innen, sich aktiv f\u00fcr ein solidarisches und demokratisches Miteinander einzusetzen.<\/p>\r\n\r\n\r\n\r\n<p>Lasst uns die Gesellschaft gemeinsam gestalten, so dass menschenverachtende Einstellungen keinen Platz haben.\u00a0\u00a0\u00a0\u00a0<\/p>\r\n\r\n\r\n\r\n<p><strong>F\u00fcr ein #SolidarischesTaucha<\/strong><\/p>\r\n\r\n\r\n\r\n<p><strong>&#8230; mit Empathie und Verstand.<\/strong><\/p>\r\n<p><em>Stand 01.05.2021<\/em><\/p>\r\n","protected":false},"excerpt":{"rendered":"<p>#SolidarischesTaucha\u00a0\u00a0\u00a0\u00a0 F\u00fcr eine demokratische und offene Gesellschaft im Kleinen wie im Gro\u00dfen. F\u00fcr eine Stadt der Vielen und der Vielfalt.\u00a0 F\u00fcr ein Taucha, in dem Menschen nicht wegen ihres Aussehens, ihrer Hautfarbe, ihrer Herkunft, sexuellen Orientierung und Identit\u00e4t, Religionszugeh\u00f6rigkeit oder ihrem sozialen bzw. wirtschaftlichen Status\u00a0diskriminiert und ausgegrenzt werden.\u00a0 Wir treten klar gegen Nationalismus, Rassismus, Antisemitismus, &hellip; <\/p>\n<p class=\"link-more\"><a href=\"https:\/\/solidarisches-taucha.info\/index.php\/selbstverstaendnis\/\" class=\"more-link\"><span class=\"screen-reader-text\">\u201eSelbstverst\u00e4ndnis\u201c<\/span> weiterlesen<\/a><\/p>\n","protected":false},"author":1,"featured_media":0,"parent":0,"menu_order":1,"comment_status":"closed","ping_status":"closed","template":"","meta":{"footnotes":""},"class_list":["post-16","page","type-page","status-publish","hentry"],"_links":{"self":[{"href":"https:\/\/solidarisches-taucha.info\/index.php\/wp-json\/wp\/v2\/pages\/16","targetHints":{"allow":["GET"]}}],"collection":[{"href":"https:\/\/solidarisches-taucha.info\/index.php\/wp-json\/wp\/v2\/pages"}],"about":[{"href":"https:\/\/solidarisches-taucha.info\/index.php\/wp-json\/wp\/v2\/types\/page"}],"author":[{"embeddable":true,"href":"https:\/\/solidarisches-taucha.info\/index.php\/wp-json\/wp\/v2\/users\/1"}],"replies":[{"embeddable":true,"href":"https:\/\/solidarisches-taucha.info\/index.php\/wp-json\/wp\/v2\/comments?post=16"}],"version-history":[{"count":8,"href":"https:\/\/solidarisches-taucha.info\/index.php\/wp-json\/wp\/v2\/pages\/16\/revisions"}],"predecessor-version":[{"id":231,"href":"https:\/\/solidarisches-taucha.info\/index.php\/wp-json\/wp\/v2\/pages\/16\/revisions\/231"}],"wp:attachment":[{"href":"https:\/\/solidarisches-taucha.info\/index.php\/wp-json\/wp\/v2\/media?parent=16"}],"curies":[{"name":"wp","href":"https:\/\/api.w.org\/{rel}","templated":true}]}}