{"id":2,"date":"2021-04-30T14:29:04","date_gmt":"2021-04-30T12:29:04","guid":{"rendered":"https:\/\/solidarisches-taucha.info\/?page_id=2"},"modified":"2025-03-03T21:47:10","modified_gmt":"2025-03-03T20:47:10","slug":"unterstuetzerinnen","status":"publish","type":"page","link":"https:\/\/solidarisches-taucha.info\/index.php\/unterstuetzerinnen\/","title":{"rendered":"Unterst\u00fctzer:innen"},"content":{"rendered":"\r\n<p>&nbsp;<\/p>\r\n\r\n\r\n\r\n<p><strong>Ackerilla Kollektiv<\/strong><\/p>\r\n\r\n\r\n\r\n<p><strong>Allmende Taucha e.V.<\/strong><\/p>\r\n<p><strong>Gem\u00fcsekooperative Rote Beete eG<\/strong><\/p>\r\n<p><strong>Klima Initiative Taucha<\/strong><\/p>\r\n<p><strong>KoLa Leipzig eG<\/strong><\/p>\r\n<p><strong>Maultrommel e.V.<\/strong><\/p>\r\n\r\n\r\n\r\n<p><strong>Schulsozialarbeitende der Schulen in Taucha<\/strong><\/p>\r\n\r\n\r\n\r\n<p><strong>SAfT e.V. &#8211; Solidarische Alternativen f\u00fcr Taucha<\/strong><\/p>\r\n\r\n\r\n\r\n<p><strong>Streetworker Taucha<\/strong><\/p>\r\n\r\n\r\n\r\n\r\n\r\n<p><strong>SUPPORT &#8211; RAA Sachsen e.V.<\/strong><\/p>\r\n<p>Die Unterst\u00fctzer:innen stehen hinter dem Selbstverst\u00e4ndnis der Kampagne <em>#SolidarischesTaucha<\/em> und haben teilweise an der Entstehung des Textes mitgewirkt.<\/p>\r\n<p>Finanzielle Unterst\u00fctzung f\u00fcr die Gestaltung und Herstellung der Materialien kam von <a href=\"https:\/\/land-in-sicht-ev.de\/\">Land in Sicht e.V..<\/a> Vielen Dank daf\u00fcr!<\/p>\r\n<p><img loading=\"lazy\" decoding=\"async\" class=\"alignnone  wp-image-243\" src=\"https:\/\/solidarisches-taucha.info\/wp-content\/uploads\/2021\/05\/Logo_gross-213x300.jpg\" alt=\"\" width=\"70\" height=\"98\" srcset=\"https:\/\/solidarisches-taucha.info\/wp-content\/uploads\/2021\/05\/Logo_gross-213x300.jpg 213w, https:\/\/solidarisches-taucha.info\/wp-content\/uploads\/2021\/05\/Logo_gross-727x1024.jpg 727w, https:\/\/solidarisches-taucha.info\/wp-content\/uploads\/2021\/05\/Logo_gross-768x1082.jpg 768w, https:\/\/solidarisches-taucha.info\/wp-content\/uploads\/2021\/05\/Logo_gross.jpg 993w\" sizes=\"auto, (max-width: 70px) 100vw, 70px\" \/><\/p>\r\n\r\n\r\n\r\n<p>&nbsp;<\/p>\r\n","protected":false},"excerpt":{"rendered":"<p>&nbsp; Ackerilla Kollektiv Allmende Taucha e.V. Gem\u00fcsekooperative Rote Beete eG Klima Initiative Taucha KoLa Leipzig eG Maultrommel e.V. Schulsozialarbeitende der Schulen in Taucha SAfT e.V. &#8211; Solidarische Alternativen f\u00fcr Taucha Streetworker Taucha SUPPORT &#8211; RAA Sachsen e.V. Die Unterst\u00fctzer:innen stehen hinter dem Selbstverst\u00e4ndnis der Kampagne #SolidarischesTaucha und haben teilweise an der Entstehung des Textes mitgewirkt. &hellip; <\/p>\n<p class=\"link-more\"><a href=\"https:\/\/solidarisches-taucha.info\/index.php\/unterstuetzerinnen\/\" class=\"more-link\"><span class=\"screen-reader-text\">\u201eUnterst\u00fctzer:innen\u201c<\/span> weiterlesen<\/a><\/p>\n","protected":false},"author":1,"featured_media":0,"parent":0,"menu_order":0,"comment_status":"closed","ping_status":"closed","template":"","meta":{"footnotes":""},"class_list":["post-2","page","type-page","status-publish","hentry"],"_links":{"self":[{"href":"https:\/\/solidarisches-taucha.info\/index.php\/wp-json\/wp\/v2\/pages\/2","targetHints":{"allow":["GET"]}}],"collection":[{"href":"https:\/\/solidarisches-taucha.info\/index.php\/wp-json\/wp\/v2\/pages"}],"about":[{"href":"https:\/\/solidarisches-taucha.info\/index.php\/wp-json\/wp\/v2\/types\/page"}],"author":[{"embeddable":true,"href":"https:\/\/solidarisches-taucha.info\/index.php\/wp-json\/wp\/v2\/users\/1"}],"replies":[{"embeddable":true,"href":"https:\/\/solidarisches-taucha.info\/index.php\/wp-json\/wp\/v2\/comments?post=2"}],"version-history":[{"count":16,"href":"https:\/\/solidarisches-taucha.info\/index.php\/wp-json\/wp\/v2\/pages\/2\/revisions"}],"predecessor-version":[{"id":258,"href":"https:\/\/solidarisches-taucha.info\/index.php\/wp-json\/wp\/v2\/pages\/2\/revisions\/258"}],"wp:attachment":[{"href":"https:\/\/solidarisches-taucha.info\/index.php\/wp-json\/wp\/v2\/media?parent=2"}],"curies":[{"name":"wp","href":"https:\/\/api.w.org\/{rel}","templated":true}]}}