{"id":36,"date":"2021-04-30T15:04:13","date_gmt":"2021-04-30T13:04:13","guid":{"rendered":"https:\/\/solidarisches-taucha.info\/?page_id=36"},"modified":"2021-05-08T22:28:52","modified_gmt":"2021-05-08T20:28:52","slug":"die-idee","status":"publish","type":"page","link":"https:\/\/solidarisches-taucha.info\/index.php\/die-idee\/","title":{"rendered":"Die Idee"},"content":{"rendered":"\r\n<p>In Taucha gibt es viele Bewohner:innen und Akteur:innen, die sich f\u00fcr eine fortschrittliche solidarische Gesellschaft und demokratische Kultur einsetzen. Dieses Engagement soll unter dem Hashtag <em>#SolidarischesTaucha <\/em>geb\u00fcndelt und sichtbarer gemacht werden. In Folge der Auseinandersetzung mit einer zunehmenden rechten Raumnahme, hatten sich bereits Anfang 2019 verschiedene Akteur*innen als <em><a href=\"https:\/\/saft.noblogs.org\/saft-chronik\/runder-tisch-taucha-30-01-2020\/positionspapier-2019_runder-tisch-taucha\/\">Runder Tisch Taucha<\/a><\/em> zusammengefunden und ein gemeinsames Positionspapier sowie Handlungsempfehlungen erarbeitet. Diese wurden Anfang 2020 \u00f6ffentlich vorgestellt. Mit der Kampagne <em>#SolidarischesTaucha<\/em> soll auch an das Engagement angekn\u00fcpft und m\u00f6glichst ein gemeinsamer positiver Bezugspunkt geschaffen werden.<\/p>\r\n\r\n\r\n\r\n<p><em>#SolidarischesTaucha <\/em>soll den Slogans von \u201eNazi-Kiez&#8220; \u00fcber \u201eNS-Area&#8220; bis \u201eTaucha bleibt rechts&#8220;, welche vor allem 2018 und 2019 h\u00e4ufig in Taucha zu sehen waren, einen Kontrapunkt entgegensetzen.<\/p>\r\n\r\n\r\n\r\n<p>Mit der Kampagne soll die Pr\u00e4senz und \u00d6ffentlichkeit von und f\u00fcr nicht-rechte Positionen erh\u00f6ht werden. Gleichzeitig wird versucht ein positives und fortschrittliches Identifikationsangebot f\u00fcr die verschiedenen Aktiven und Aktivit\u00e4ten zu bieten.\u00a0Ein Text der mindestens vorl\u00e4ufig als inhaltlicher Minimalkonsens dient, wurde erarbeitet. -&gt; <a href=\"https:\/\/solidarisches-taucha.info\/index.php\/selbstverstaendnis\/\">Selbstverst\u00e4ndnis<\/a><\/p>\r\n\r\n\r\n\r\n<p>Zuk\u00fcnftig sollen noch u.a. Plakate entstehen, auf denen die beteiligten Akteur:innen ein eigenes kurzes Statement mit Bezug zur Kampagne <em>#SolidarischesTaucha<\/em> formulieren.<\/p>\r\n\r\n\r\n\r\n<p>Des Weiteren soll die Sticker und noch entstehende Materialien zuk\u00fcnftig zu \u00f6ffentlichen Veranstaltungen verteilt werden. Ein Banner ist ebenfalls bereits entstanden, welches zu verschiedenen Angelegenheiten auf die Kampagne <em>#SolidarischesTaucha<\/em> hinweist.<\/p>\r\n\r\n\r\n\r\n<p>Finanziell gef\u00f6rdert wurde die k\u00fcnstlerische Gestaltung und das Material durch <a href=\"https:\/\/land-in-sicht-ev.de\/\">Land in Sicht e.V.<\/a> und <a href=\"https:\/\/www.saft-taucha.org\/\" data-type=\"URL\">SAfT e.V. &#8211; Solidarische Alternativen f\u00fcr Taucha<\/a> (Stand 01.05.2021).<\/p>\r\n","protected":false},"excerpt":{"rendered":"<p>In Taucha gibt es viele Bewohner:innen und Akteur:innen, die sich f\u00fcr eine fortschrittliche solidarische Gesellschaft und demokratische Kultur einsetzen. Dieses Engagement soll unter dem Hashtag #SolidarischesTaucha geb\u00fcndelt und sichtbarer gemacht werden. In Folge der Auseinandersetzung mit einer zunehmenden rechten Raumnahme, hatten sich bereits Anfang 2019 verschiedene Akteur*innen als Runder Tisch Taucha zusammengefunden und ein gemeinsames &hellip; <\/p>\n<p class=\"link-more\"><a href=\"https:\/\/solidarisches-taucha.info\/index.php\/die-idee\/\" class=\"more-link\"><span class=\"screen-reader-text\">\u201eDie Idee\u201c<\/span> weiterlesen<\/a><\/p>\n","protected":false},"author":1,"featured_media":0,"parent":0,"menu_order":0,"comment_status":"closed","ping_status":"closed","template":"","meta":{"footnotes":""},"class_list":["post-36","page","type-page","status-publish","hentry"],"_links":{"self":[{"href":"https:\/\/solidarisches-taucha.info\/index.php\/wp-json\/wp\/v2\/pages\/36","targetHints":{"allow":["GET"]}}],"collection":[{"href":"https:\/\/solidarisches-taucha.info\/index.php\/wp-json\/wp\/v2\/pages"}],"about":[{"href":"https:\/\/solidarisches-taucha.info\/index.php\/wp-json\/wp\/v2\/types\/page"}],"author":[{"embeddable":true,"href":"https:\/\/solidarisches-taucha.info\/index.php\/wp-json\/wp\/v2\/users\/1"}],"replies":[{"embeddable":true,"href":"https:\/\/solidarisches-taucha.info\/index.php\/wp-json\/wp\/v2\/comments?post=36"}],"version-history":[{"count":9,"href":"https:\/\/solidarisches-taucha.info\/index.php\/wp-json\/wp\/v2\/pages\/36\/revisions"}],"predecessor-version":[{"id":233,"href":"https:\/\/solidarisches-taucha.info\/index.php\/wp-json\/wp\/v2\/pages\/36\/revisions\/233"}],"wp:attachment":[{"href":"https:\/\/solidarisches-taucha.info\/index.php\/wp-json\/wp\/v2\/media?parent=36"}],"curies":[{"name":"wp","href":"https:\/\/api.w.org\/{rel}","templated":true}]}}